{"id":78,"date":"2017-12-12T11:24:21","date_gmt":"2017-12-12T15:24:21","guid":{"rendered":"http:\/\/ayuntamiento.guineo\/transparencia\/?page_id=78"},"modified":"2024-06-24T13:10:51","modified_gmt":"2024-06-24T17:10:51","slug":"definicion-oaim-oficina-de-acceso-a-la-informacion-municipal","status":"publish","type":"page","link":"https:\/\/ayuntamientotenares.gob.do\/transparencia\/definicion-oaim-oficina-de-acceso-a-la-informacion-municipal\/","title":{"rendered":"Definici\u00f3n OAIM (Oficina de Acceso a la Informaci\u00f3n Municipal)"},"content":{"rendered":"<p><strong>LEY 176-07 DISTRITO NACIONAL Y LOS MUNICIPIOS<\/strong><\/p>\n<p><strong>Art\u00edculo Dos.- DEFINICI\u00d3N Y OBJETIVOS DEL AYUNTAMIENTO<\/strong><\/p>\n<p>El ayuntamiento constituye la entidad pol\u00edtica administrativa b\u00e1sica del Estado dominicano, que se encuentra asentada en un territorio determinado que le es propio. Como tal es una persona jur\u00eddica descentralizada, que goza de autonom\u00eda pol\u00edtica, fiscal, administrativa y funcional, gestora de los intereses propios de la colectividad local, con patrimonio propio y con capacidad para realizar todos los actos jur\u00eddicos que fueren necesarios y \u00fatiles para garantizar el desarrollo sostenible de sus habitantes y el cumplimiento de sus fines en la forma y con las condiciones que la Constituci\u00f3n y las leyes lo determinen.<\/p>\n<p><strong>Art\u00edculo Tres. &#8211; CARACTER\u00cdSTICAS JUR\u00cdDICAS DEL \u00d3RGANO DE GOBIERNO DEL MUNICIPIO.<\/strong><\/p>\n<p>El ayuntamiento como entidad de la administraci\u00f3n p\u00fablica, tiene independencia en el ejercicio de sus funciones y competencias con las restricciones y limitaciones que establezcan la Constituci\u00f3n, su ley org\u00e1nica y las dem\u00e1s leyes, cuentan con patrimonio propio, personalidad jur\u00eddica y capacidad para adquirir derechos y contraer obligaciones, y, en general el cumplimiento de sus fines en los t\u00e9rminos legalmente establecidos.<\/p>\n<p><strong>Art\u00edculo. Cuatro. &#8211; \u00c1MBITO DE ACTUACI\u00d3N<\/strong><\/p>\n<p>Los ayuntamientos tendr\u00e1n como \u00e1mbito de actuaci\u00f3n las competencias propias, y adem\u00e1s, las coordinadas y delegadas con los dem\u00e1s entes que conformen la administraci\u00f3n p\u00fablica, que le defina la Constituci\u00f3n, su ley, las legislaciones sectoriales y las que rijan las relaciones interadministrativas. Se considera que las competencias de los ayuntamientos recaer\u00e1n sobre todos los \u00e1mbitos de la administraci\u00f3n p\u00fablica, exceptuando aquellas que la Constituci\u00f3n reserve para la administraci\u00f3n central.<\/p>\n<p><b>P\u00e1rrafo. &#8211;<\/b> Se considera como competencia m\u00ednima el derecho de ser informado y coordinaci\u00f3n.<\/p>\n","protected":false},"excerpt":{"rendered":"LEY 176-07 DISTRITO NACIONAL Y LOS MUNICIPIOS Art\u00edculo Dos.- DEFINICI\u00d3N Y OBJETIVOS DEL AYUNTAMIENTO El ayuntamiento constituye la entidad pol\u00edtica administrativa b\u00e1sica del Estado dominicano, que se encuentra asentada en un territorio determinado que le es propio. Como tal es una persona jur\u00eddica descentralizada, que goza de autonom\u00eda pol\u00edtica, fiscal, administrativa y funcional, gestora de&#8230;","protected":false},"author":5,"featured_media":0,"parent":0,"menu_order":0,"comment_status":"closed","ping_status":"closed","template":"","meta":[],"_links":{"self":[{"href":"https:\/\/ayuntamientotenares.gob.do\/transparencia\/wp-json\/wp\/v2\/pages\/78"}],"collection":[{"href":"https:\/\/ayuntamientotenares.gob.do\/transparencia\/wp-json\/wp\/v2\/pages"}],"about":[{"href":"https:\/\/ayuntamientotenares.gob.do\/transparencia\/wp-json\/wp\/v2\/types\/page"}],"author":[{"embeddable":true,"href":"https:\/\/ayuntamientotenares.gob.do\/transparencia\/wp-json\/wp\/v2\/users\/5"}],"replies":[{"embeddable":true,"href":"https:\/\/ayuntamientotenares.gob.do\/transparencia\/wp-json\/wp\/v2\/comments?post=78"}],"version-history":[{"count":5,"href":"https:\/\/ayuntamientotenares.gob.do\/transparencia\/wp-json\/wp\/v2\/pages\/78\/revisions"}],"predecessor-version":[{"id":1487,"href":"https:\/\/ayuntamientotenares.gob.do\/transparencia\/wp-json\/wp\/v2\/pages\/78\/revisions\/1487"}],"wp:attachment":[{"href":"https:\/\/ayuntamientotenares.gob.do\/transparencia\/wp-json\/wp\/v2\/media?parent=78"}],"curies":[{"name":"wp","href":"https:\/\/api.w.org\/{rel}","templated":true}]}}