{"id":258,"date":"2018-01-22T10:17:40","date_gmt":"2018-01-22T14:17:40","guid":{"rendered":"http:\/\/ayuntamiento.o\/transparencia\/?page_id=258"},"modified":"2024-11-13T10:32:31","modified_gmt":"2024-11-13T14:32:31","slug":"responsable-de-acceso-a-la-informacion","status":"publish","type":"page","link":"https:\/\/ayuntamientotenares.gob.do\/transparencia\/responsable-de-acceso-a-la-informacion\/","title":{"rendered":"Responsable de Acceso a la Informaci\u00f3n"},"content":{"rendered":"<p class=\"paragraph ng-attr-widget\">\u00a0<\/p>\n<p><span style=\"font-size: 14pt;color: #000000\">Licenciado:<\/span><\/p>\n<p><span style=\"font-size: 14pt;color: #333399\"><strong>ALMI JOS\u00c9 HERRERA FERN\u00c1NDEZ<br \/><\/strong><\/span><\/p>\n<p><span style=\"font-size: 14pt\">Responsable de Acceso a la Informaci\u00f3n P\u00fablica Municipal<\/span><\/p>\n<p><span style=\"font-size: 14pt\">Correo: <strong>informacion@tenares.gob.do<\/strong><\/span><\/p>\n<p><span style=\"font-size: 14pt\">Contacto: <strong>809-577-1026<\/strong><\/span><\/p>\n<p><span style=\"font-size: 14pt\">Celular: (<strong>809) 223-1242<\/strong><\/span><\/p>\n\n\n<figure class=\"wp-block-image size-full is-resized is-style-default\"><img loading=\"lazy\" src=\"https:\/\/ayuntamientotenares.gob.do\/transparencia\/wp-content\/uploads\/2024\/07\/WhatsApp-Image-2024-07-10-at-13.30.42.jpeg\" alt=\"\" class=\"wp-image-1514\" width=\"269\" height=\"386\" srcset=\"https:\/\/ayuntamientotenares.gob.do\/transparencia\/wp-content\/uploads\/2024\/07\/WhatsApp-Image-2024-07-10-at-13.30.42.jpeg 538w, https:\/\/ayuntamientotenares.gob.do\/transparencia\/wp-content\/uploads\/2024\/07\/WhatsApp-Image-2024-07-10-at-13.30.42-250x359.jpeg 250w, https:\/\/ayuntamientotenares.gob.do\/transparencia\/wp-content\/uploads\/2024\/07\/WhatsApp-Image-2024-07-10-at-13.30.42-120x172.jpeg 120w\" sizes=\"(max-width: 269px) 100vw, 269px\" \/><\/figure>\n","protected":false},"excerpt":{"rendered":"\u00a0 Licenciado: ALMI JOS\u00c9 HERRERA FERN\u00c1NDEZ Responsable de Acceso a la Informaci\u00f3n P\u00fablica Municipal Correo: informacion@tenares.gob.do Contacto: 809-577-1026 Celular: (809) 223-1242","protected":false},"author":5,"featured_media":0,"parent":0,"menu_order":0,"comment_status":"closed","ping_status":"closed","template":"","meta":[],"_links":{"self":[{"href":"https:\/\/ayuntamientotenares.gob.do\/transparencia\/wp-json\/wp\/v2\/pages\/258"}],"collection":[{"href":"https:\/\/ayuntamientotenares.gob.do\/transparencia\/wp-json\/wp\/v2\/pages"}],"about":[{"href":"https:\/\/ayuntamientotenares.gob.do\/transparencia\/wp-json\/wp\/v2\/types\/page"}],"author":[{"embeddable":true,"href":"https:\/\/ayuntamientotenares.gob.do\/transparencia\/wp-json\/wp\/v2\/users\/5"}],"replies":[{"embeddable":true,"href":"https:\/\/ayuntamientotenares.gob.do\/transparencia\/wp-json\/wp\/v2\/comments?post=258"}],"version-history":[{"count":9,"href":"https:\/\/ayuntamientotenares.gob.do\/transparencia\/wp-json\/wp\/v2\/pages\/258\/revisions"}],"predecessor-version":[{"id":1629,"href":"https:\/\/ayuntamientotenares.gob.do\/transparencia\/wp-json\/wp\/v2\/pages\/258\/revisions\/1629"}],"wp:attachment":[{"href":"https:\/\/ayuntamientotenares.gob.do\/transparencia\/wp-json\/wp\/v2\/media?parent=258"}],"curies":[{"name":"wp","href":"https:\/\/api.w.org\/{rel}","templated":true}]}}